{"id":870,"date":"2020-08-26T09:28:07","date_gmt":"2020-08-26T07:28:07","guid":{"rendered":"https:\/\/www.rudan.cz\/\/?page_id=870"},"modified":"2020-08-26T10:10:21","modified_gmt":"2020-08-26T08:10:21","slug":"nasza-oferta","status":"publish","type":"page","link":"https:\/\/www.rudan.pl\/pl\/nasza-oferta\/","title":{"rendered":"Nasza oferta"},"content":{"rendered":"<p>[et_pb_section fb_built=&#8221;1&#8243; admin_label=&#8221;Header Section&#8221; _builder_version=&#8221;4.5.0&#8243; background_color=&#8221;rgba(145,128,47,0.06)&#8221; background_position=&#8221;top_center&#8221; custom_padding=&#8221;5%|0px|100px|0px|false|false&#8221;][et_pb_row custom_padding_last_edited=&#8221;off|desktop&#8221; admin_label=&#8221;Header Row&#8221; _builder_version=&#8221;3.25&#8243; background_size=&#8221;initial&#8221; background_position=&#8221;top_left&#8221; background_repeat=&#8221;repeat&#8221; custom_margin=&#8221;|||&#8221; custom_padding=&#8221;|||&#8221; custom_padding_phone=&#8221;3vw|||&#8221;][et_pb_column type=&#8221;4_4&#8243; _builder_version=&#8221;3.25&#8243; custom_padding=&#8221;|||&#8221; custom_padding__hover=&#8221;|||&#8221;][et_pb_text admin_label=&#8221;Heading &#038; Subheading&#8221; _builder_version=&#8221;4.5.0&#8243; text_font=&#8221;Muli|600|||||||&#8221; text_text_color=&#8221;#1b1919&#8243; text_font_size=&#8221;18px&#8221; text_line_height=&#8221;1.8em&#8221; header_font=&#8221;Muli|700|||||||&#8221; header_text_color=&#8221;#1b1919&#8243; header_font_size=&#8221;65px&#8221; header_line_height=&#8221;1.4em&#8221; header_2_font=&#8221;||||||||&#8221; text_orientation=&#8221;center&#8221; max_width=&#8221;800px&#8221; max_width_last_edited=&#8221;off|desktop&#8221; module_alignment=&#8221;center&#8221; custom_margin=&#8221;|||&#8221; custom_padding=&#8221;|||&#8221; custom_padding_last_edited=&#8221;off|desktop&#8221; animation_style=&#8221;fade&#8221; header_font_size_tablet=&#8221;&#8221; header_font_size_phone=&#8221;50px&#8221; header_font_size_last_edited=&#8221;on|desktop&#8221;]<\/p>\n<h1>Nasza oferta<\/h1>\n<p>Zach\u0119camy do zapoznania si\u0119 z nasz\u0105 szerok\u0105 ofert\u0105 pokry\u0107 pod\u0142ogowych. Prezentacja na naszej witrynie internetowej stanowi jedynie u\u0142amek tego, co mo\u017cemy zaoferowa\u0107. Je\u015bli macie Pa\u0144stwo konkretne \u017cyczenia lub nie znajdziecie tego, czego szukacie, prosimy o kontakt.<\/p>\n<p>[\/et_pb_text][\/et_pb_column][\/et_pb_row][et_pb_row column_structure=&#8221;1_2,1_2&#8243; use_custom_gutter=&#8221;on&#8221; gutter_width=&#8221;1&#8243; make_equal=&#8221;on&#8221; admin_label=&#8221;Case Study Row&#8221; _builder_version=&#8221;4.5.0&#8243; background_color=&#8221;rgba(0,0,0,0)&#8221;][et_pb_column type=&#8221;1_2&#8243; _builder_version=&#8221;4.5.0&#8243; custom_padding=&#8221;|||&#8221; custom_padding__hover=&#8221;|||&#8221;][et_pb_slider _builder_version=&#8221;4.5.0&#8243; _module_preset=&#8221;default&#8221; custom_padding=&#8221;60%||60%||true|false&#8221; hover_enabled=&#8221;0&#8243;][et_pb_slide _builder_version=&#8221;4.5.0&#8243; _module_preset=&#8221;default&#8221; background_image=&#8221;https:\/\/www.rudan.cz\/\/wp-content\/uploads\/2020\/07\/Edel-Zeal-106-Mink-1.jpg&#8221; background_enable_image=&#8221;on&#8221;][\/et_pb_slide][\/et_pb_slider][\/et_pb_column][et_pb_column type=&#8221;1_2&#8243; _builder_version=&#8221;4.5.0&#8243; background_color=&#8221;#ffffff&#8221; custom_padding=&#8221;3%|60px|3%|60px|true|false&#8221; custom_padding__hover=&#8221;|||&#8221;][et_pb_cta title=&#8221;Wyk\u0142adziny dywanowe w rolkach&#8221; button_url=&#8221;https:\/\/www.rudan.cz\/\/wykladziny-w-rolkach\/?lang=pl&#8221; button_text=&#8221;Informacje szczeg\u00f3\u0142owe&#8221; admin_label=&#8221;Title Paragraph &#038; CTA Button&#8221; _builder_version=&#8221;4.5.0&#8243; header_level=&#8221;h3&#8243; header_font=&#8221;Muli|700|||||||&#8221; header_font_size=&#8221;35px&#8221; header_line_height=&#8221;1.4em&#8221; body_font=&#8221;Muli||||||||&#8221; body_text_color=&#8221;#1b1919&#8243; body_font_size=&#8221;15px&#8221; body_line_height=&#8221;1.8em&#8221; use_background_color=&#8221;off&#8221; custom_button=&#8221;on&#8221; button_text_size=&#8221;16px&#8221; button_text_color=&#8221;#ffffff&#8221; button_bg_color=&#8221;#91802f&#8221; button_border_width=&#8221;10px&#8221; button_border_color=&#8221;rgba(0,0,0,0)&#8221; button_border_radius=&#8221;0px&#8221; button_font=&#8221;Muli|700|||||||&#8221; button_use_icon=&#8221;off&#8221; text_orientation=&#8221;left&#8221; background_layout=&#8221;light&#8221; custom_padding=&#8221;|||&#8221; button_border_radius_hover=&#8221;0px&#8221; button_text_size__hover_enabled=&#8221;off&#8221; button_one_text_size__hover_enabled=&#8221;off&#8221; button_two_text_size__hover_enabled=&#8221;off&#8221; button_text_color__hover_enabled=&#8221;off&#8221; button_one_text_color__hover_enabled=&#8221;off&#8221; button_two_text_color__hover_enabled=&#8221;off&#8221; button_border_width__hover_enabled=&#8221;off&#8221; button_one_border_width__hover_enabled=&#8221;off&#8221; button_two_border_width__hover_enabled=&#8221;off&#8221; button_border_color__hover_enabled=&#8221;off&#8221; button_one_border_color__hover_enabled=&#8221;off&#8221; button_two_border_color__hover_enabled=&#8221;off&#8221; button_border_radius__hover_enabled=&#8221;on&#8221; button_border_radius__hover=&#8221;0px&#8221; button_one_border_radius__hover_enabled=&#8221;off&#8221; button_two_border_radius__hover_enabled=&#8221;off&#8221; button_letter_spacing__hover_enabled=&#8221;off&#8221; button_one_letter_spacing__hover_enabled=&#8221;off&#8221; button_two_letter_spacing__hover_enabled=&#8221;off&#8221; button_bg_color__hover_enabled=&#8221;off&#8221; button_one_bg_color__hover_enabled=&#8221;off&#8221; button_two_bg_color__hover_enabled=&#8221;off&#8221;]<\/p>\n<p style=\"text-align: left;\">Oferujemy dywany odpowiednie do pomieszcze\u0144 mieszkalnych i komercyjnych, w szerokiej gamie kolor\u00f3w, materia\u0142\u00f3w i szeroko\u015bci oraz wyprodukowane z zastosowaniem r\u00f3\u017cnych technologii.<\/p>\n<p style=\"text-align: left;\">Czy szukacie Pa\u0144stwo zwyk\u0142ej lub luksusowej wyk\u0142adziny dywanowej do mieszkania? A mo\u017ce jeste\u015bcie Pa\u0144stwo zainteresowani wyk\u0142adzinami hotelowymi, wyk\u0142adzinami o du\u017cej wytrzyma\u0142o\u015bci lub wyk\u0142adzinami kontraktowymi? Zach\u0119camy do zapoznania si\u0119 z nasz\u0105 ofert\u0105. Obejmuje ona marki takie jak Edel, Jacaranda i Jabo.<\/p>\n<p>[\/et_pb_cta][\/et_pb_column][\/et_pb_row][et_pb_row column_structure=&#8221;1_2,1_2&#8243; use_custom_gutter=&#8221;on&#8221; gutter_width=&#8221;1&#8243; make_equal=&#8221;on&#8221; admin_label=&#8221;Case Study Row&#8221; _builder_version=&#8221;3.25&#8243;][et_pb_column type=&#8221;1_2&#8243; _builder_version=&#8221;3.25&#8243; background_color=&#8221;#ffffff&#8221; custom_padding=&#8221;60px|60px|60px|60px&#8221; custom_padding__hover=&#8221;|||&#8221;][et_pb_cta title=&#8221;Dywany&#8221; button_url=&#8221;https:\/\/www.rudan.cz\/\/dywany\/?lang=pl&#8221; button_text=&#8221;Informacje szczeg\u00f3\u0142owe&#8221; admin_label=&#8221;Title Paragraph &#038; CTA Button&#8221; _builder_version=&#8221;4.5.0&#8243; header_level=&#8221;h3&#8243; header_font=&#8221;Muli|700|||||||&#8221; header_font_size=&#8221;35px&#8221; header_line_height=&#8221;1.4em&#8221; body_font=&#8221;Muli||||||||&#8221; body_text_color=&#8221;#1b1919&#8243; body_font_size=&#8221;15px&#8221; body_line_height=&#8221;1.8em&#8221; use_background_color=&#8221;off&#8221; custom_button=&#8221;on&#8221; button_text_size=&#8221;16px&#8221; button_text_color=&#8221;#ffffff&#8221; button_bg_color=&#8221;#91802f&#8221; button_border_width=&#8221;10px&#8221; button_border_color=&#8221;rgba(0,0,0,0)&#8221; button_border_radius=&#8221;0px&#8221; button_font=&#8221;Muli|700|||||||&#8221; button_use_icon=&#8221;off&#8221; text_orientation=&#8221;left&#8221; background_layout=&#8221;light&#8221; custom_padding=&#8221;|||&#8221; button_border_radius_hover=&#8221;0px&#8221; button_text_size__hover_enabled=&#8221;off&#8221; button_one_text_size__hover_enabled=&#8221;off&#8221; button_two_text_size__hover_enabled=&#8221;off&#8221; button_text_color__hover_enabled=&#8221;off&#8221; button_one_text_color__hover_enabled=&#8221;off&#8221; button_two_text_color__hover_enabled=&#8221;off&#8221; button_border_width__hover_enabled=&#8221;off&#8221; button_one_border_width__hover_enabled=&#8221;off&#8221; button_two_border_width__hover_enabled=&#8221;off&#8221; button_border_color__hover_enabled=&#8221;off&#8221; button_one_border_color__hover_enabled=&#8221;off&#8221; button_two_border_color__hover_enabled=&#8221;off&#8221; button_border_radius__hover_enabled=&#8221;on&#8221; button_border_radius__hover=&#8221;0px&#8221; button_one_border_radius__hover_enabled=&#8221;off&#8221; button_two_border_radius__hover_enabled=&#8221;off&#8221; button_letter_spacing__hover_enabled=&#8221;off&#8221; button_one_letter_spacing__hover_enabled=&#8221;off&#8221; button_two_letter_spacing__hover_enabled=&#8221;off&#8221; button_bg_color__hover_enabled=&#8221;off&#8221; button_one_bg_color__hover_enabled=&#8221;off&#8221; button_two_bg_color__hover_enabled=&#8221;off&#8221;]<\/p>\n<p>Dywan dope\u0142nia wystr\u00f3j ka\u017cdego wn\u0119trza, tworzy atmosfer\u0119 komfortu, pi\u0119kna, funkcjonalno\u015bci i luksusu oraz pe\u0142ni funkcje u\u017cyteczne i estetyczne. Oferujemy dywany w r\u00f3\u017cnych wzorach, kolorach i materia\u0142ach.<\/p>\n<p>Prosimy o informacj\u0119, jakim dywanem jeste\u015bcie Pa\u0144stwo zainteresowani \u2013 przygotujemy ofert\u0119 dostosowan\u0105 do Pa\u0144stwa potrzeb. Oferujemy dywany klasyczne i luksusowe, a tak\u017ce dywany sizalowe, r\u0119cznie tkane, haftowane i wiele innych.<\/p>\n<p>[\/et_pb_cta][\/et_pb_column][et_pb_column type=&#8221;1_2&#8243; _builder_version=&#8221;3.25&#8243; custom_padding=&#8221;|||&#8221; custom_padding__hover=&#8221;|||&#8221;][et_pb_slider _builder_version=&#8221;4.5.0&#8243; _module_preset=&#8221;default&#8221; custom_padding=&#8221;55%||55%||true|false&#8221;][et_pb_slide _builder_version=&#8221;4.5.0&#8243; _module_preset=&#8221;default&#8221; background_image=&#8221;https:\/\/www.rudan.cz\/\/wp-content\/uploads\/2020\/07\/Himalayan-JC6285-Kulu-L1-Jacaranda-1.jpg&#8221; background_enable_image=&#8221;on&#8221;][\/et_pb_slide][\/et_pb_slider][\/et_pb_column][\/et_pb_row][et_pb_row column_structure=&#8221;1_2,1_2&#8243; use_custom_gutter=&#8221;on&#8221; gutter_width=&#8221;1&#8243; make_equal=&#8221;on&#8221; admin_label=&#8221;Case Study Row&#8221; _builder_version=&#8221;4.5.0&#8243; background_color=&#8221;rgba(0,0,0,0)&#8221;][et_pb_column type=&#8221;1_2&#8243; _builder_version=&#8221;4.5.0&#8243; custom_padding=&#8221;|||&#8221; custom_padding__hover=&#8221;|||&#8221;][et_pb_slider _builder_version=&#8221;4.5.0&#8243; _module_preset=&#8221;default&#8221; custom_padding=&#8221;60%||60%||true|false&#8221;][et_pb_slide _builder_version=&#8221;4.5.0&#8243; _module_preset=&#8221;default&#8221; background_image=&#8221;https:\/\/www.rudan.cz\/\/wp-content\/uploads\/2020\/07\/NED-Shapes-Hexagon-Marlin-4.jpg&#8221; background_enable_image=&#8221;on&#8221;][\/et_pb_slide][\/et_pb_slider][\/et_pb_column][et_pb_column type=&#8221;1_2&#8243; _builder_version=&#8221;4.5.0&#8243; background_color=&#8221;#ffffff&#8221; custom_padding=&#8221;3%|60px|3%|60px|true|false&#8221; custom_padding__hover=&#8221;|||&#8221;][et_pb_cta title=&#8221;P\u0142ytki dywanowe&#8221; button_url=&#8221;https:\/\/www.rudan.cz\/\/plytki-dywanowe\/?lang=pl&#8221; button_text=&#8221;Informacje szczeg\u00f3\u0142owe&#8221; admin_label=&#8221;Title Paragraph &#038; CTA Button&#8221; _builder_version=&#8221;4.5.0&#8243; header_level=&#8221;h3&#8243; header_font=&#8221;Muli|700|||||||&#8221; header_font_size=&#8221;35px&#8221; header_line_height=&#8221;1.4em&#8221; body_font=&#8221;Muli||||||||&#8221; body_text_color=&#8221;#1b1919&#8243; body_font_size=&#8221;15px&#8221; body_line_height=&#8221;1.8em&#8221; use_background_color=&#8221;off&#8221; custom_button=&#8221;on&#8221; button_text_size=&#8221;16px&#8221; button_text_color=&#8221;#ffffff&#8221; button_bg_color=&#8221;#91802f&#8221; button_border_width=&#8221;10px&#8221; button_border_color=&#8221;rgba(0,0,0,0)&#8221; button_border_radius=&#8221;0px&#8221; button_font=&#8221;Muli|700|||||||&#8221; button_use_icon=&#8221;off&#8221; text_orientation=&#8221;left&#8221; background_layout=&#8221;light&#8221; custom_padding=&#8221;|||&#8221; button_border_radius_hover=&#8221;0px&#8221; button_text_size__hover_enabled=&#8221;off&#8221; button_one_text_size__hover_enabled=&#8221;off&#8221; button_two_text_size__hover_enabled=&#8221;off&#8221; button_text_color__hover_enabled=&#8221;off&#8221; button_one_text_color__hover_enabled=&#8221;off&#8221; button_two_text_color__hover_enabled=&#8221;off&#8221; button_border_width__hover_enabled=&#8221;off&#8221; button_one_border_width__hover_enabled=&#8221;off&#8221; button_two_border_width__hover_enabled=&#8221;off&#8221; button_border_color__hover_enabled=&#8221;off&#8221; button_one_border_color__hover_enabled=&#8221;off&#8221; button_two_border_color__hover_enabled=&#8221;off&#8221; button_border_radius__hover_enabled=&#8221;on&#8221; button_border_radius__hover=&#8221;0px&#8221; button_one_border_radius__hover_enabled=&#8221;off&#8221; button_two_border_radius__hover_enabled=&#8221;off&#8221; button_letter_spacing__hover_enabled=&#8221;off&#8221; button_one_letter_spacing__hover_enabled=&#8221;off&#8221; button_two_letter_spacing__hover_enabled=&#8221;off&#8221; button_bg_color__hover_enabled=&#8221;off&#8221; button_one_bg_color__hover_enabled=&#8221;off&#8221; button_two_bg_color__hover_enabled=&#8221;off&#8221;]<\/p>\n<p>Ze wzgl\u0119du na ich trwa\u0142o\u015b\u0107 p\u0142ytki dywanowe sprawdzaj\u0105 si\u0119 szczeg\u00f3lnie w obiektach handlowych, ale dzi\u0119ki mo\u017cliwo\u015bci \u0142\u0105czenia kolor\u00f3w i kszta\u0142t\u00f3w mog\u0105 by\u0107 r\u00f3wnie\u017c wykorzystywane w projektach mieszkaniowych. Zalet\u0105 p\u0142ytek dywanowych jest mo\u017cliwo\u015b\u0107 \u0142atwej wymiany p\u0142ytki w przypadku jej uszkodzenia.<\/p>\n<p>O\u017cyw swoje wn\u0119trze za pomoc\u0105 dywanu. Oferujemy standardowe wymiary 50 \u00d7 50, jak r\u00f3wnie\u017c niestandardowe formaty dopasowane do Pa\u0144stwa potrzeb. Materia\u0142 mo\u017cna dobra\u0107 odpowiednio do danego wn\u0119trza, mo\u017ce to by\u0107 np. kaszmir lub sizal. Z przyjemno\u015bci\u0105 doradzimy Pa\u0144stwu w wyborze.<\/p>\n<p>[\/et_pb_cta][\/et_pb_column][\/et_pb_row][et_pb_row column_structure=&#8221;1_2,1_2&#8243; use_custom_gutter=&#8221;on&#8221; gutter_width=&#8221;1&#8243; make_equal=&#8221;on&#8221; admin_label=&#8221;Case Study Row&#8221; _builder_version=&#8221;3.25&#8243;][et_pb_column type=&#8221;1_2&#8243; _builder_version=&#8221;3.25&#8243; background_color=&#8221;#ffffff&#8221; custom_padding=&#8221;60px|60px|60px|60px&#8221; custom_padding__hover=&#8221;|||&#8221;][et_pb_cta title=&#8221;Pod\u0142ogi winylowe&#8221; button_url=&#8221;https:\/\/www.rudan.cz\/\/podlogi-winylowe\/?lang=pl&#8221; button_text=&#8221;Informacje szczeg\u00f3\u0142owe&#8221; admin_label=&#8221;Title Paragraph &#038; CTA Button&#8221; _builder_version=&#8221;4.5.0&#8243; header_level=&#8221;h3&#8243; header_font=&#8221;Muli|700|||||||&#8221; header_font_size=&#8221;26px&#8221; header_line_height=&#8221;1.4em&#8221; body_font=&#8221;Muli||||||||&#8221; body_text_color=&#8221;#1b1919&#8243; body_font_size=&#8221;15px&#8221; body_line_height=&#8221;1.8em&#8221; use_background_color=&#8221;off&#8221; custom_button=&#8221;on&#8221; button_text_size=&#8221;16px&#8221; button_text_color=&#8221;#ffffff&#8221; button_bg_color=&#8221;#91802f&#8221; button_border_width=&#8221;10px&#8221; button_border_color=&#8221;rgba(0,0,0,0)&#8221; button_border_radius=&#8221;0px&#8221; button_font=&#8221;Muli|700|||||||&#8221; button_use_icon=&#8221;off&#8221; text_orientation=&#8221;left&#8221; background_layout=&#8221;light&#8221; custom_padding=&#8221;|||&#8221; button_border_radius_hover=&#8221;0px&#8221; button_text_size__hover_enabled=&#8221;off&#8221; button_one_text_size__hover_enabled=&#8221;off&#8221; button_two_text_size__hover_enabled=&#8221;off&#8221; button_text_color__hover_enabled=&#8221;off&#8221; button_one_text_color__hover_enabled=&#8221;off&#8221; button_two_text_color__hover_enabled=&#8221;off&#8221; button_border_width__hover_enabled=&#8221;off&#8221; button_one_border_width__hover_enabled=&#8221;off&#8221; button_two_border_width__hover_enabled=&#8221;off&#8221; button_border_color__hover_enabled=&#8221;off&#8221; button_one_border_color__hover_enabled=&#8221;off&#8221; button_two_border_color__hover_enabled=&#8221;off&#8221; button_border_radius__hover_enabled=&#8221;on&#8221; button_border_radius__hover=&#8221;0px&#8221; button_one_border_radius__hover_enabled=&#8221;off&#8221; button_two_border_radius__hover_enabled=&#8221;off&#8221; button_letter_spacing__hover_enabled=&#8221;off&#8221; button_one_letter_spacing__hover_enabled=&#8221;off&#8221; button_two_letter_spacing__hover_enabled=&#8221;off&#8221; button_bg_color__hover_enabled=&#8221;off&#8221; button_one_bg_color__hover_enabled=&#8221;off&#8221; button_two_bg_color__hover_enabled=&#8221;off&#8221;]<\/p>\n<p>Pod\u0142ogi z p\u0142ytek winylowych (LVT) mog\u0105 imitowa\u0107 drewno, kamie\u0144, beton, p\u0142ytki ceramiczne, tkaniny lub abstrakcyjne wzory. Sprawdzaj\u0105 si\u0119 zar\u00f3wno w pomieszczeniach komercyjnych, jak i mieszkalnych. Maj\u0105 wiele doskona\u0142ych w\u0142a\u015bciwo\u015bci, takich jak bardzo wysoka trwa\u0142o\u015b\u0107, \u0142atwa konserwacja i bardzo dobre w\u0142a\u015bciwo\u015bci akustyczne.<\/p>\n<p>Ten rodzaj pod\u0142ogi sta\u0142 si\u0119 ostatnio bardzo popularny g\u0142\u00f3wnie dlatego, \u017ce \u0142\u0105czy w sobie praktyczno\u015b\u0107 i stylistyk\u0119. Oferujemy wiele typ\u00f3w, kolor\u00f3w i kszta\u0142t\u00f3w.<\/p>\n<p>[\/et_pb_cta][\/et_pb_column][et_pb_column type=&#8221;1_2&#8243; _builder_version=&#8221;3.25&#8243; custom_padding=&#8221;|||&#8221; custom_padding__hover=&#8221;|||&#8221;][et_pb_slider _builder_version=&#8221;4.5.0&#8243; _module_preset=&#8221;default&#8221; custom_padding=&#8221;55%||55%||true|false&#8221;][et_pb_slide _builder_version=&#8221;4.5.0&#8243; _module_preset=&#8221;default&#8221; background_image=&#8221;https:\/\/www.rudan.cz\/\/wp-content\/uploads\/2020\/07\/Contract-SL-Tajima-4.jpg&#8221; background_enable_image=&#8221;on&#8221;][\/et_pb_slide][\/et_pb_slider][\/et_pb_column][\/et_pb_row][et_pb_row column_structure=&#8221;1_2,1_2&#8243; use_custom_gutter=&#8221;on&#8221; gutter_width=&#8221;1&#8243; make_equal=&#8221;on&#8221; admin_label=&#8221;Case Study Row&#8221; _builder_version=&#8221;3.25&#8243;][et_pb_column type=&#8221;1_2&#8243; _builder_version=&#8221;3.25&#8243; custom_padding=&#8221;|||&#8221; custom_padding__hover=&#8221;|||&#8221;][et_pb_slider _builder_version=&#8221;4.5.0&#8243; _module_preset=&#8221;default&#8221; custom_padding=&#8221;65%||65%||true|false&#8221;][et_pb_slide _builder_version=&#8221;4.5.0&#8243; _module_preset=&#8221;default&#8221; background_image=&#8221;https:\/\/www.rudan.cz\/\/wp-content\/uploads\/2020\/07\/loose-lay.jpg&#8221; background_enable_image=&#8221;on&#8221;][\/et_pb_slide][\/et_pb_slider][\/et_pb_column][et_pb_column type=&#8221;1_2&#8243; _builder_version=&#8221;3.25&#8243; background_color=&#8221;#ffffff&#8221; custom_padding=&#8221;60px|60px|60px|60px&#8221; custom_padding__hover=&#8221;|||&#8221;][et_pb_cta title=&#8221;Pod\u0142ogi p\u0142ywaj\u0105ce (tzw. loose-lay)&#8221; button_url=&#8221;https:\/\/www.rudan.cz\/\/loose-lay\/?lang=pl&#8221; button_text=&#8221;Informacje szczeg\u00f3\u0142owe&#8221; admin_label=&#8221;Title Paragraph &#038; CTA Button&#8221; _builder_version=&#8221;4.5.0&#8243; header_level=&#8221;h3&#8243; header_font=&#8221;Muli|700|||||||&#8221; header_font_size=&#8221;35px&#8221; header_line_height=&#8221;1.4em&#8221; body_font=&#8221;Muli||||||||&#8221; body_text_color=&#8221;#1b1919&#8243; body_font_size=&#8221;15px&#8221; body_line_height=&#8221;1.8em&#8221; use_background_color=&#8221;off&#8221; custom_button=&#8221;on&#8221; button_text_size=&#8221;16px&#8221; button_text_color=&#8221;#ffffff&#8221; button_bg_color=&#8221;#91802f&#8221; button_border_width=&#8221;10px&#8221; button_border_color=&#8221;rgba(0,0,0,0)&#8221; button_border_radius=&#8221;0px&#8221; button_font=&#8221;Muli|700|||||||&#8221; button_use_icon=&#8221;off&#8221; text_orientation=&#8221;left&#8221; background_layout=&#8221;light&#8221; custom_padding=&#8221;|||&#8221; button_border_radius_hover=&#8221;0px&#8221; button_text_size__hover_enabled=&#8221;off&#8221; button_one_text_size__hover_enabled=&#8221;off&#8221; button_two_text_size__hover_enabled=&#8221;off&#8221; button_text_color__hover_enabled=&#8221;off&#8221; button_one_text_color__hover_enabled=&#8221;off&#8221; button_two_text_color__hover_enabled=&#8221;off&#8221; button_border_width__hover_enabled=&#8221;off&#8221; button_one_border_width__hover_enabled=&#8221;off&#8221; button_two_border_width__hover_enabled=&#8221;off&#8221; button_border_color__hover_enabled=&#8221;off&#8221; button_one_border_color__hover_enabled=&#8221;off&#8221; button_two_border_color__hover_enabled=&#8221;off&#8221; button_border_radius__hover_enabled=&#8221;on&#8221; button_border_radius__hover=&#8221;0px&#8221; button_one_border_radius__hover_enabled=&#8221;off&#8221; button_two_border_radius__hover_enabled=&#8221;off&#8221; button_letter_spacing__hover_enabled=&#8221;off&#8221; button_one_letter_spacing__hover_enabled=&#8221;off&#8221; button_two_letter_spacing__hover_enabled=&#8221;off&#8221; button_bg_color__hover_enabled=&#8221;off&#8221; button_one_bg_color__hover_enabled=&#8221;off&#8221; button_two_bg_color__hover_enabled=&#8221;off&#8221;]<\/p>\n<p>Winylowe pod\u0142ogi p\u0142ywaj\u0105ce stanowi\u0105 stosunkowo now\u0105 pozycj\u0119 na rynku i ciesz\u0105 si\u0119 coraz wi\u0119ksz\u0105 popularno\u015bci\u0105. Dlaczego? Poniewa\u017c jest to bardzo wysokiej jako\u015bci materia\u0142, kt\u00f3ry mo\u017cna zamontowa\u0107 bez u\u017cycia kleju. W przypadku uszkodzenia mo\u017cna wymieni\u0107 pojedynczy uszkodzony element bez skomplikowanego ci\u0119cia lub klejenia.<\/p>\n<p>Dzi\u0119ki opatentowanej spodniej warstwie p\u0142ytki, p\u0142ywaj\u0105ca winylowa pod\u0142oga Contract SL kompensuje minimalne r\u00f3\u017cnice w wysoko\u015bci warstwy podstawowej i mo\u017ce by\u0107 montowana na podk\u0142adach o wilgotno\u015bci do 8%.<\/p>\n<p>[\/et_pb_cta][\/et_pb_column][\/et_pb_row][\/et_pb_section]<\/p>\n","protected":false},"excerpt":{"rendered":"<p>Nasza oferta Zach\u0119camy do zapoznania si\u0119 z nasz\u0105 szerok\u0105 ofert\u0105 pokry\u0107 pod\u0142ogowych. Prezentacja na naszej witrynie internetowej stanowi jedynie u\u0142amek tego, co mo\u017cemy zaoferowa\u0107. Je\u015bli macie Pa\u0144stwo konkretne \u017cyczenia lub nie znajdziecie tego, czego szukacie, prosimy o kontakt.Oferujemy dywany odpowiednie do pomieszcze\u0144 mieszkalnych i komercyjnych, w szerokiej gamie kolor\u00f3w, materia\u0142\u00f3w i szeroko\u015bci oraz wyprodukowane z [&hellip;]<\/p>\n","protected":false},"author":1,"featured_media":0,"parent":0,"menu_order":0,"comment_status":"closed","ping_status":"closed","template":"","meta":{"_et_pb_use_builder":"on","_et_pb_old_content":"","_et_gb_content_width":"","footnotes":""},"class_list":["post-870","page","type-page","status-publish","hentry"],"_links":{"self":[{"href":"https:\/\/www.rudan.pl\/pl\/wp-json\/wp\/v2\/pages\/870","targetHints":{"allow":["GET"]}}],"collection":[{"href":"https:\/\/www.rudan.pl\/pl\/wp-json\/wp\/v2\/pages"}],"about":[{"href":"https:\/\/www.rudan.pl\/pl\/wp-json\/wp\/v2\/types\/page"}],"author":[{"embeddable":true,"href":"https:\/\/www.rudan.pl\/pl\/wp-json\/wp\/v2\/users\/1"}],"replies":[{"embeddable":true,"href":"https:\/\/www.rudan.pl\/pl\/wp-json\/wp\/v2\/comments?post=870"}],"version-history":[{"count":4,"href":"https:\/\/www.rudan.pl\/pl\/wp-json\/wp\/v2\/pages\/870\/revisions"}],"predecessor-version":[{"id":920,"href":"https:\/\/www.rudan.pl\/pl\/wp-json\/wp\/v2\/pages\/870\/revisions\/920"}],"wp:attachment":[{"href":"https:\/\/www.rudan.pl\/pl\/wp-json\/wp\/v2\/media?parent=870"}],"curies":[{"name":"wp","href":"https:\/\/api.w.org\/{rel}","templated":true}]}}