{"id":886,"date":"2020-08-26T09:43:44","date_gmt":"2020-08-26T07:43:44","guid":{"rendered":"https:\/\/www.rudan.cz\/\/?page_id=886"},"modified":"2023-03-15T19:04:17","modified_gmt":"2023-03-15T18:04:17","slug":"podlogi-winylowe","status":"publish","type":"page","link":"https:\/\/www.rudan.pl\/pl\/podlogi-winylowe\/","title":{"rendered":"Pod\u0142ogi winylowe"},"content":{"rendered":"<p>[et_pb_section fb_built=&#8221;1&#8243; admin_label=&#8221;Header Section&#8221; _builder_version=&#8221;4.5.0&#8243; use_background_color_gradient=&#8221;on&#8221; background_color_gradient_start=&#8221;#ffffff&#8221; background_color_gradient_end=&#8221;rgba(255,255,255,0)&#8221; background_color_gradient_overlays_image=&#8221;on&#8221; background_image=&#8221;https:\/\/www.rudan.cz\/\/wp-content\/uploads\/2020\/07\/Contract-SL-Tajima-4.jpg&#8221; custom_padding=&#8221;||0px||false|false&#8221;][et_pb_row admin_label=&#8221;Header Row&#8221; _builder_version=&#8221;4.5.0&#8243; custom_margin=&#8221;5%||5%||false|false&#8221; custom_padding=&#8221;|||&#8221;][et_pb_column type=&#8221;4_4&#8243; _builder_version=&#8221;3.25&#8243; custom_padding=&#8221;|||&#8221; custom_padding__hover=&#8221;|||&#8221;][et_pb_cta title=&#8221;Pod\u0142ogi winylowe&#8221; button_url=&#8221;#&#8221; admin_label=&#8221;Heading, Subheading &#038; Button&#8221; _builder_version=&#8221;4.5.0&#8243; header_level=&#8221;h1&#8243; header_font=&#8221;Muli|700|||||||&#8221; header_font_size=&#8221;65px&#8221; header_line_height=&#8221;1.4em&#8221; body_font=&#8221;Muli|600|||||||&#8221; body_font_size=&#8221;18px&#8221; body_line_height=&#8221;1.8em&#8221; use_background_color=&#8221;off&#8221; custom_button=&#8221;on&#8221; button_text_size=&#8221;16px&#8221; button_text_color=&#8221;#ffffff&#8221; button_bg_color=&#8221;#f4583f&#8221; button_border_width=&#8221;10px&#8221; button_border_color=&#8221;rgba(244,88,63,0)&#8221; button_border_radius=&#8221;0px&#8221; button_font=&#8221;Muli|700|||||||&#8221; button_use_icon=&#8221;off&#8221; background_layout=&#8221;light&#8221; max_width=&#8221;800px&#8221; module_alignment=&#8221;center&#8221; custom_margin=&#8221;|||&#8221; custom_margin_tablet=&#8221;3vw||3vw|&#8221; custom_margin_phone=&#8221;|||&#8221; custom_margin_last_edited=&#8221;off|desktop&#8221; animation_style=&#8221;fade&#8221; header_font_size_tablet=&#8221;&#8221; header_font_size_phone=&#8221;50px&#8221; header_font_size_last_edited=&#8221;on|phone&#8221; button_text_color_hover=&#8221;#ffffff&#8221; button_border_color_hover=&#8221;rgba(244,88,63,0)&#8221; button_border_radius_hover=&#8221;0px&#8221; button_bg_color_hover=&#8221;#f4583f&#8221; button_text_size__hover_enabled=&#8221;off&#8221; button_one_text_size__hover_enabled=&#8221;off&#8221; button_two_text_size__hover_enabled=&#8221;off&#8221; button_text_color__hover_enabled=&#8221;on&#8221; button_text_color__hover=&#8221;#ffffff&#8221; button_one_text_color__hover_enabled=&#8221;off&#8221; button_two_text_color__hover_enabled=&#8221;off&#8221; button_border_width__hover_enabled=&#8221;off&#8221; button_one_border_width__hover_enabled=&#8221;off&#8221; button_two_border_width__hover_enabled=&#8221;off&#8221; button_border_color__hover_enabled=&#8221;on&#8221; button_border_color__hover=&#8221;rgba(244,88,63,0)&#8221; button_one_border_color__hover_enabled=&#8221;off&#8221; button_two_border_color__hover_enabled=&#8221;off&#8221; button_border_radius__hover_enabled=&#8221;on&#8221; button_border_radius__hover=&#8221;0px&#8221; button_one_border_radius__hover_enabled=&#8221;off&#8221; button_two_border_radius__hover_enabled=&#8221;off&#8221; button_letter_spacing__hover_enabled=&#8221;off&#8221; button_one_letter_spacing__hover_enabled=&#8221;off&#8221; button_two_letter_spacing__hover_enabled=&#8221;off&#8221; button_bg_color__hover_enabled=&#8221;on&#8221; button_bg_color__hover=&#8221;#f4583f&#8221; button_one_bg_color__hover_enabled=&#8221;off&#8221; button_two_bg_color__hover_enabled=&#8221;off&#8221;][\/et_pb_cta][\/et_pb_column][\/et_pb_row][et_pb_row column_structure=&#8221;1_2,1_2&#8243; use_custom_gutter=&#8221;on&#8221; gutter_width=&#8221;1&#8243; admin_label=&#8221;Service Row&#8221; module_class=&#8221; et_pb_row_fullwidth&#8221; _builder_version=&#8221;4.5.0&#8243; width=&#8221;100%&#8221; width_tablet=&#8221;100%&#8221; width_phone=&#8221;&#8221; width_last_edited=&#8221;on|desktop&#8221; max_width=&#8221;100%&#8221; max_width_tablet=&#8221;100%&#8221; max_width_phone=&#8221;&#8221; max_width_last_edited=&#8221;on|desktop&#8221; custom_margin=&#8221;|||&#8221; custom_padding=&#8221;0px||0px||false|false&#8221; make_fullwidth=&#8221;on&#8221;][et_pb_column type=&#8221;1_2&#8243; _builder_version=&#8221;4.5.0&#8243; background_color=&#8221;#ffffff&#8221; custom_padding=&#8221;50px|60px|50px|60px|false|false&#8221; custom_padding_tablet=&#8221;&#8221; custom_padding_phone=&#8221;&#8221; custom_padding_last_edited=&#8221;on|tablet&#8221; background_last_edited=&#8221;on|phone&#8221; background_enable_color_tablet=&#8221;off&#8221; custom_padding__hover=&#8221;|||&#8221;][et_pb_text admin_label=&#8221;Title &#038; Paragraph&#8221; _builder_version=&#8221;4.5.0&#8243; text_font=&#8221;Muli|600|||||||&#8221; text_font_size=&#8221;18px&#8221; text_line_height=&#8221;1.8em&#8221; header_font=&#8221;||||||||&#8221; header_2_font=&#8221;Muli|700|||||||&#8221; header_2_font_size=&#8221;35px&#8221; header_2_line_height=&#8221;1.4em&#8221; max_width=&#8221;600px&#8221; max_width_tablet=&#8221;&#8221; max_width_phone=&#8221;&#8221; max_width_last_edited=&#8221;on|phone&#8221; module_alignment=&#8221;right&#8221; custom_margin=&#8221;|||&#8221; custom_padding=&#8221;|||&#8221; custom_padding_last_edited=&#8221;off|desktop&#8221; header_2_font_size_tablet=&#8221;30px&#8221; header_2_font_size_phone=&#8221;25px&#8221; header_2_font_size_last_edited=&#8221;on|tablet&#8221;]<\/p>\n<h2>Trwa\u0142e pod\u0142ogi do r\u00f3\u017cnych zastosowa\u0144. Odpowiednie do pomieszcze\u0144 mieszkalnych i handlowych. Umo\u017cliwiaj\u0105 wyb\u00f3r doskonale spe\u0142niaj\u0105cy wymagania projektu.<span class=\"Apple-converted-space\">\u00a0<\/span><\/h2>\n<p>[\/et_pb_text][\/et_pb_column][et_pb_column type=&#8221;1_2&#8243; _builder_version=&#8221;3.25&#8243; custom_padding=&#8221;|||&#8221; custom_padding__hover=&#8221;|||&#8221;][\/et_pb_column][\/et_pb_row][\/et_pb_section][et_pb_section fb_built=&#8221;1&#8243; admin_label=&#8221;Service Section&#8221; _builder_version=&#8221;4.5.0&#8243; use_background_color_gradient=&#8221;on&#8221; background_color_gradient_start=&#8221;#ffffff&#8221; background_color_gradient_end=&#8221;rgba(255,255,255,0)&#8221; background_color_gradient_end_position=&#8221;25%&#8221; background_color_gradient_overlays_image=&#8221;on&#8221; background_image=&#8221;https:\/\/www.rudan.cz\/\/wp-content\/uploads\/2020\/07\/Ambiente-Tajima-6.jpg&#8221; custom_padding=&#8221;0px|0px|0px|0px&#8221; background_last_edited=&#8221;on|phone&#8221; background_enable_image_tablet=&#8221;off&#8221; background_enable_image_phone=&#8221;off&#8221;][et_pb_row column_structure=&#8221;1_2,1_2&#8243; use_custom_gutter=&#8221;on&#8221; gutter_width=&#8221;1&#8243; admin_label=&#8221;Service Row&#8221; module_class=&#8221; et_pb_row_fullwidth&#8221; _builder_version=&#8221;4.5.0&#8243; width=&#8221;100%&#8221; width_tablet=&#8221;100%&#8221; width_phone=&#8221;&#8221; width_last_edited=&#8221;on|desktop&#8221; max_width=&#8221;100%&#8221; max_width_tablet=&#8221;100%&#8221; max_width_phone=&#8221;&#8221; max_width_last_edited=&#8221;on|desktop&#8221; custom_margin=&#8221;|||&#8221; custom_padding=&#8221;0px|0px|0px|0px&#8221; make_fullwidth=&#8221;on&#8221;][et_pb_column type=&#8221;1_2&#8243; _builder_version=&#8221;4.5.0&#8243; custom_padding=&#8221;|||&#8221; custom_padding_tablet=&#8221;0px||||false|false&#8221; custom_padding_phone=&#8221;0px||||false|false&#8221; custom_padding_last_edited=&#8221;on|tablet&#8221; padding_tablet=&#8221;200px|||&#8221; padding_last_edited=&#8221;on|tablet&#8221; custom_padding__hover=&#8221;|||&#8221;][\/et_pb_column][et_pb_column type=&#8221;1_2&#8243; _builder_version=&#8221;4.5.0&#8243; background_color=&#8221;#91802f&#8221; custom_padding=&#8221;100px|60px|100px|60px&#8221; custom_padding_tablet=&#8221;&#8221; custom_padding_phone=&#8221;30px||30px||false|false&#8221; custom_padding_last_edited=&#8221;on|tablet&#8221; custom_padding__hover=&#8221;|||&#8221;][et_pb_text admin_label=&#8221;Title &#038; Paragraph&#8221; _builder_version=&#8221;4.5.0&#8243; text_font=&#8221;Muli||||||||&#8221; text_font_size=&#8221;15px&#8221; text_line_height=&#8221;1.8em&#8221; header_font=&#8221;||||||||&#8221; header_2_font=&#8221;Muli|700|||||||&#8221; header_2_font_size=&#8221;50px&#8221; header_2_line_height=&#8221;1.4em&#8221; background_layout=&#8221;dark&#8221; max_width=&#8221;600px&#8221; max_width_tablet=&#8221;&#8221; max_width_phone=&#8221;&#8221; max_width_last_edited=&#8221;on|phone&#8221; module_alignment=&#8221;left&#8221; custom_margin=&#8221;|||&#8221; custom_margin_tablet=&#8221;&#8221; custom_margin_phone=&#8221;|||&#8221; custom_margin_last_edited=&#8221;on|phone&#8221; custom_padding=&#8221;|||&#8221; custom_padding_tablet=&#8221;|||&#8221; custom_padding_phone=&#8221;|||&#8221; custom_padding_last_edited=&#8221;off|desktop&#8221; text_font_tablet=&#8221;&#8221; text_font_phone=&#8221;&#8221; text_font_last_edited=&#8221;on|phone&#8221; header_2_font_size_tablet=&#8221;&#8221; header_2_font_size_phone=&#8221;40px&#8221; header_2_font_size_last_edited=&#8221;on|phone&#8221;]<\/p>\n<p>Pod\u0142ogi z p\u0142ytek winylowych (LVT) imituj\u0105 drewno, kamie\u0144, beton, p\u0142ytki ceramiczne, tkaniny lub abstrakcyjne wzory. Maj\u0105 wiele doskona\u0142ych w\u0142a\u015bciwo\u015bci, takich jak bardzo wysoka trwa\u0142o\u015b\u0107, \u0142atwa konserwacja i bardzo dobre w\u0142a\u015bciwo\u015bci akustyczne.<\/p>\n<p>Oferujemy pod\u0142ogi winylowe w wielu wersjach, np. pod\u0142ogi winylowe w pasmach, pod\u0142ogi p\u0142ywaj\u0105ce lub pod\u0142ogi p\u0142ywaj\u0105ce mocowane na zatrzask.<\/p>\n<p>[\/et_pb_text][\/et_pb_column][\/et_pb_row][\/et_pb_section][et_pb_section fb_built=&#8221;1&#8243; admin_label=&#8221;Intro Section&#8221; _builder_version=&#8221;3.22&#8243; custom_padding=&#8221;0px|0px|0px|0px&#8221;][et_pb_row column_structure=&#8221;1_2,1_2&#8243; use_custom_gutter=&#8221;on&#8221; gutter_width=&#8221;1&#8243; admin_label=&#8221;Intro Row&#8221; module_class=&#8221; et_pb_row_fullwidth&#8221; _builder_version=&#8221;3.25&#8243; width=&#8221;100%&#8221; width_tablet=&#8221;100%&#8221; width_phone=&#8221;&#8221; width_last_edited=&#8221;on|desktop&#8221; max_width=&#8221;100%&#8221; max_width_tablet=&#8221;100%&#8221; max_width_phone=&#8221;&#8221; max_width_last_edited=&#8221;on|desktop&#8221; custom_margin=&#8221;|||&#8221; custom_padding=&#8221;0px||0px|&#8221; make_fullwidth=&#8221;on&#8221;][et_pb_column type=&#8221;1_2&#8243; _builder_version=&#8221;3.25&#8243; background_color=&#8221;#ffffff&#8221; custom_padding=&#8221;100px|60px|100px|60px&#8221; custom_padding__hover=&#8221;|||&#8221;][et_pb_text admin_label=&#8221;Title &#038; Paragraph&#8221; _builder_version=&#8221;4.5.0&#8243; text_font=&#8221;Muli||||||||&#8221; text_text_color=&#8221;#1b1919&#8243; text_font_size=&#8221;15px&#8221; text_line_height=&#8221;1.8em&#8221; header_font=&#8221;||||||||&#8221; header_2_font=&#8221;Muli|700|||||||&#8221; header_2_font_size=&#8221;50px&#8221; header_2_line_height=&#8221;1.4em&#8221; max_width=&#8221;600px&#8221; max_width_tablet=&#8221;&#8221; max_width_phone=&#8221;&#8221; max_width_last_edited=&#8221;on|phone&#8221; module_alignment=&#8221;right&#8221; custom_margin=&#8221;|||&#8221; custom_padding=&#8221;|||&#8221; custom_padding_last_edited=&#8221;off|desktop&#8221; header_2_font_size_tablet=&#8221;&#8221; header_2_font_size_phone=&#8221;40px&#8221; header_2_font_size_last_edited=&#8221;on|desktop&#8221;]<\/p>\n<h2>Nasi dostawcy<\/h2>\n<p>[\/et_pb_text][et_pb_text admin_label=&#8221;Title &#038; Paragraph&#8221; _builder_version=&#8221;4.5.0&#8243; text_font=&#8221;Muli||||||||&#8221; text_text_color=&#8221;#1b1919&#8243; text_font_size=&#8221;15px&#8221; text_line_height=&#8221;1.8em&#8221; header_font=&#8221;||||||||&#8221; header_2_font=&#8221;Muli|700|||||||&#8221; header_2_font_size=&#8221;50px&#8221; header_2_line_height=&#8221;1.4em&#8221; max_width=&#8221;600px&#8221; max_width_tablet=&#8221;&#8221; max_width_phone=&#8221;&#8221; max_width_last_edited=&#8221;on|phone&#8221; module_alignment=&#8221;right&#8221; custom_margin=&#8221;|||&#8221; custom_padding=&#8221;|||&#8221; custom_padding_last_edited=&#8221;off|desktop&#8221; header_2_font_size_tablet=&#8221;&#8221; header_2_font_size_phone=&#8221;40px&#8221; header_2_font_size_last_edited=&#8221;on|desktop&#8221;]<\/p>\n<p><a href=\"https:\/\/www.tajima-europe.com\/home\/\" target=\"_blank\" rel=\"noopener noreferrer\"><img loading=\"lazy\" decoding=\"async\" src=\"https:\/\/www.rudan.cz\/\/wp-content\/uploads\/2020\/08\/Mal\u00e1-tajima.png\" width=\"100\" height=\"50\" alt=\"\" class=\"wp-image-428 alignnone size-full\" \/><\/a><\/p>\n<p>Tajima to najwi\u0119kszy japo\u0144ski producent komercyjnych pod\u0142\u00f3g z PCW. Produkty przeznaczone na rynek europejski s\u0105 magazynowane w Europie, a ich du\u017cy zapas umo\u017cliwia natychmiastow\u0105 dostaw\u0119 do klienta.<\/p>\n<p>[\/et_pb_text][et_pb_text admin_label=&#8221;Title &#038; Paragraph&#8221; _builder_version=&#8221;4.5.0&#8243; text_font=&#8221;Muli||||||||&#8221; text_text_color=&#8221;#1b1919&#8243; text_font_size=&#8221;15px&#8221; text_line_height=&#8221;1.8em&#8221; header_font=&#8221;||||||||&#8221; header_2_font=&#8221;Muli|700|||||||&#8221; header_2_font_size=&#8221;50px&#8221; header_2_line_height=&#8221;1.4em&#8221; max_width=&#8221;600px&#8221; max_width_tablet=&#8221;&#8221; max_width_phone=&#8221;&#8221; max_width_last_edited=&#8221;on|phone&#8221; module_alignment=&#8221;right&#8221; custom_margin=&#8221;20px||||false|false&#8221; custom_padding=&#8221;|||&#8221; custom_padding_last_edited=&#8221;off|desktop&#8221; hover_enabled=&#8221;0&#8243; header_2_font_size_tablet=&#8221;&#8221; header_2_font_size_phone=&#8221;40px&#8221; header_2_font_size_last_edited=&#8221;on|desktop&#8221;]<\/p>\n<p><a href=\"https:\/\/www.therdex.pl\" target=\"_blank\" rel=\"noopener noreferrer\"><img loading=\"lazy\" decoding=\"async\" src=\"https:\/\/www.rudan.cz\/wp-content\/uploads\/2023\/03\/Therdex1.jpg\" width=\"130\" height=\"65\" alt=\"\" class=\"wp-image-1367 alignnone size-full\" \/><\/a><\/p>\n<p><span>Pod\u0142ogi Therdex LVT to charakterystyczna i wysokiej jako\u015bci marka LVT skupiaj\u0105ca si\u0119 na \u015bwiadomych stylu konsumentach i profesjonalistach. Nasze produkty wyr\u00f3\u017cniaj\u0105 si\u0119 nie tylko na poziomie estetycznym, lecz tak\u017ce je\u015bli chodzi o w\u0142a\u015bciwo\u015bci, kt\u00f3re s\u0105 przyjazne dla \u015brodowiska. To sprawia, \u017ce firma Therdex jest ceniona w\u015br\u00f3d architekt\u00f3w, projektant\u00f3w i mi\u0142o\u015bnik\u00f3w wn\u0119trz poszukuj\u0105cych wyr\u00f3\u017cniaj\u0105cej si\u0119 i trwa\u0142ej pod\u0142ogi.<\/span><\/p>\n<p>[\/et_pb_text][\/et_pb_column][et_pb_column type=&#8221;1_2&#8243; _builder_version=&#8221;3.25&#8243; custom_padding=&#8221;|||&#8221; custom_padding__hover=&#8221;|||&#8221;][et_pb_slider _builder_version=&#8221;4.5.0&#8243; _module_preset=&#8221;default&#8221; background_enable_image=&#8221;off&#8221;][et_pb_slide _builder_version=&#8221;4.5.0&#8243; _module_preset=&#8221;default&#8221; background_image=&#8221;https:\/\/www.rudan.cz\/wp-content\/uploads\/2023\/03\/Therdex2.jpg&#8221; background_enable_image=&#8221;on&#8221; custom_padding=&#8221;40%||40%||true|false&#8221;][\/et_pb_slide][et_pb_slide _builder_version=&#8221;4.5.0&#8243; _module_preset=&#8221;default&#8221; background_image=&#8221;https:\/\/www.rudan.cz\/\/wp-content\/uploads\/2020\/07\/Sn\u00edmek-obrazovky-2020-07-24-v-13.11.56.png&#8221; background_enable_image=&#8221;on&#8221; custom_padding=&#8221;40%||40%||true|false&#8221;][\/et_pb_slide][et_pb_slide _builder_version=&#8221;4.5.0&#8243; _module_preset=&#8221;default&#8221; background_image=&#8221;https:\/\/www.rudan.cz\/wp-content\/uploads\/2023\/03\/Therdex3.jpg&#8221; background_enable_image=&#8221;on&#8221; custom_padding=&#8221;40%||40%||true|false&#8221;][\/et_pb_slide][et_pb_slide _builder_version=&#8221;4.5.0&#8243; _module_preset=&#8221;default&#8221; background_image=&#8221;https:\/\/www.rudan.cz\/\/wp-content\/uploads\/2020\/07\/Sn\u00edmek-obrazovky-2020-07-24-v-13.12.09.png&#8221; background_enable_image=&#8221;on&#8221; custom_padding=&#8221;40%||40%||true|false&#8221;][\/et_pb_slide][et_pb_slide _builder_version=&#8221;4.5.0&#8243; _module_preset=&#8221;default&#8221; background_image=&#8221;https:\/\/www.rudan.cz\/\/wp-content\/uploads\/2020\/07\/Sn\u00edmek-obrazovky-2020-07-24-v-13.11.34.png&#8221; background_enable_image=&#8221;on&#8221; custom_padding=&#8221;40%||40%||true|false&#8221;][\/et_pb_slide][et_pb_slide _builder_version=&#8221;4.5.0&#8243; _module_preset=&#8221;default&#8221; background_image=&#8221;https:\/\/www.rudan.cz\/\/wp-content\/uploads\/2020\/07\/Sn\u00edmek-obrazovky-2020-07-24-v-13.11.49.png&#8221; background_enable_image=&#8221;on&#8221; custom_padding=&#8221;40%||40%||true|false&#8221;][\/et_pb_slide][et_pb_slide _builder_version=&#8221;4.5.0&#8243; _module_preset=&#8221;default&#8221; background_image=&#8221;https:\/\/www.rudan.cz\/\/wp-content\/uploads\/2020\/07\/Sn\u00edmek-obrazovky-2020-07-24-v-13.11.23.png&#8221; background_enable_image=&#8221;on&#8221; custom_padding=&#8221;40%||40%||true|false&#8221;][\/et_pb_slide][et_pb_slide _builder_version=&#8221;4.5.0&#8243; _module_preset=&#8221;default&#8221; background_image=&#8221;https:\/\/www.rudan.cz\/\/wp-content\/uploads\/2020\/07\/Sn\u00edmek-obrazovky-2020-07-24-v-13.11.12.png&#8221; background_enable_image=&#8221;on&#8221; custom_padding=&#8221;40%||40%||true|false&#8221;][\/et_pb_slide][\/et_pb_slider][\/et_pb_column][\/et_pb_row][\/et_pb_section][et_pb_section fb_built=&#8221;1&#8243; admin_label=&#8221;Services Section&#8221; _builder_version=&#8221;4.5.0&#8243; use_background_color_gradient=&#8221;on&#8221; background_color_gradient_start=&#8221;#ffffff&#8221; background_color_gradient_end=&#8221;rgba(255,255,255,0)&#8221; background_color_gradient_overlays_image=&#8221;on&#8221; background_enable_image=&#8221;off&#8221; background_position=&#8221;bottom_right&#8221; custom_padding=&#8221;|0px|100px|0px|false|false&#8221; locked=&#8221;off&#8221;][et_pb_row column_structure=&#8221;1_4,1_4,1_2&#8243; use_custom_gutter=&#8221;on&#8221; gutter_width=&#8221;2&#8243; admin_label=&#8221;Services Row&#8221; _builder_version=&#8221;3.25&#8243; custom_padding=&#8221;|||&#8221;][et_pb_column type=&#8221;1_4&#8243; _builder_version=&#8221;3.25&#8243; custom_padding=&#8221;|||&#8221; custom_padding__hover=&#8221;|||&#8221;][et_pb_blurb title=&#8221;Wyk\u0142adziny dywanowe w rolkach&#8221; url=&#8221;https:\/\/www.rudan.cz\/\/wykladziny-w-rolkach\/?lang=pl&#8221; admin_label=&#8221;Service&#8221; _builder_version=&#8221;4.5.0&#8243; header_font=&#8221;Muli|700|||||||&#8221; header_text_align=&#8221;center&#8221; header_font_size=&#8221;20px&#8221; header_line_height=&#8221;1.4em&#8221; body_font=&#8221;Muli|600|||||||&#8221; body_text_color=&#8221;#ffffff&#8221; body_font_size=&#8221;16px&#8221; background_color=&#8221;#91802f&#8221; text_orientation=&#8221;center&#8221; background_layout=&#8221;dark&#8221; custom_margin=&#8221;|||&#8221; custom_padding=&#8221;50px|30px|50px|30px&#8221; box_shadow_style=&#8221;preset1&#8243;]<\/p>\n<p>Do pomieszcze\u0144 handlowych i mieszkalnych. Szeroka gama dost\u0119pnych produkt\u00f3w umo\u017cliwia idealne spe\u0142nienie potrzeb klienta.<span class=\"Apple-converted-space\">\u00a0<\/span><\/p>\n<p>[\/et_pb_blurb][et_pb_blurb title=&#8221;Loose lay&#8221; url=&#8221;https:\/\/www.rudan.cz\/\/loose-lay\/?lang=pl&#8221; admin_label=&#8221;Service&#8221; _builder_version=&#8221;4.5.0&#8243; header_font=&#8221;Muli|700|||||||&#8221; header_text_align=&#8221;center&#8221; header_text_color=&#8221; c&#8221; header_font_size=&#8221;20px&#8221; header_line_height=&#8221;1.4em&#8221; body_font=&#8221;Muli|600|||||||&#8221; body_text_color=&#8221; c&#8221; body_font_size=&#8221;16px&#8221; background_color=&#8221;#ffffff&#8221; text_orientation=&#8221;center&#8221; custom_margin=&#8221;30px|||&#8221; custom_margin_tablet=&#8221;60px|||&#8221; custom_margin_phone=&#8221;&#8221; custom_margin_last_edited=&#8221;on|phone&#8221; custom_padding=&#8221;50px|30px|50px|30px&#8221; box_shadow_style=&#8221;preset1&#8243;]<\/p>\n<p>P\u0142ywaj\u0105ce pod\u0142ogi winylowe s\u0105 \u0142atwe w monta\u017cu i bardzo trwa\u0142e.<\/p>\n<p>[\/et_pb_blurb][\/et_pb_column][et_pb_column type=&#8221;1_4&#8243; _builder_version=&#8221;3.25&#8243; custom_padding=&#8221;|||&#8221; custom_padding__hover=&#8221;|||&#8221;][et_pb_blurb title=&#8221;P\u0142ytki dywanowe&#8221; url=&#8221;https:\/\/www.rudan.cz\/\/plytki-dywanowe\/?lang=pl&#8221; admin_label=&#8221;Service&#8221; _builder_version=&#8221;4.5.0&#8243; header_font=&#8221;Muli|700|||||||&#8221; header_text_align=&#8221;center&#8221; header_font_size=&#8221;20px&#8221; header_line_height=&#8221;1.4em&#8221; body_font=&#8221;Muli|600|||||||&#8221; body_text_color=&#8221;#ffffff&#8221; body_font_size=&#8221;16px&#8221; background_color=&#8221;#1b1919&#8243; text_orientation=&#8221;center&#8221; background_layout=&#8221;dark&#8221; custom_margin=&#8221;150px||||false|false&#8221; custom_margin_tablet=&#8221;30px|||&#8221; custom_margin_phone=&#8221;&#8221; custom_margin_last_edited=&#8221;on|tablet&#8221; custom_padding=&#8221;50px|30px|50px|30px&#8221; box_shadow_style=&#8221;preset1&#8243;]<\/p>\n<p>Jednokolorowy dywan jest nudny. Kwadratowe p\u0142ytki dywanowe umo\u017cliwi\u0105 Pa\u0144stwu stworzenie niespotykanych wzor\u00f3w.<\/p>\n<p>[\/et_pb_blurb][\/et_pb_column][et_pb_column type=&#8221;1_2&#8243; _builder_version=&#8221;3.25&#8243; custom_padding=&#8221;|||&#8221; custom_padding__hover=&#8221;|||&#8221;][et_pb_text admin_label=&#8221;Title&#8221; _builder_version=&#8221;4.5.0&#8243; text_font=&#8221;Muli|600|||||||&#8221; text_text_color=&#8221;#737373&#8243; text_font_size=&#8221;18px&#8221; header_font=&#8221;||||||||&#8221; header_2_font=&#8221;Muli|700|||||||&#8221; header_2_font_size=&#8221;30px&#8221; header_2_line_height=&#8221;1.4em&#8221; max_width_last_edited=&#8221;off|desktop&#8221; custom_margin=&#8221;220px|||&#8221; custom_margin_tablet=&#8221;50px||||false|false&#8221; custom_margin_phone=&#8221;50px||||false|false&#8221; custom_margin_last_edited=&#8221;on|tablet&#8221; custom_padding=&#8221;|||&#8221; custom_padding_last_edited=&#8221;off|desktop&#8221; header_2_font_size_tablet=&#8221;&#8221; header_2_font_size_phone=&#8221;40px&#8221; header_2_font_size_last_edited=&#8221;on|phone&#8221; locked=&#8221;off&#8221;]<\/p>\n<h2>Czy nie znale\u017ali\u015bcie Pa\u0144stwo poszukiwanego produktu?<\/h2>\n<p>Prosimy o zapoznanie si\u0119 z ofert\u0105 innych rodzaj\u00f3w pod\u0142\u00f3g lub o kontakt z nami.<\/p>\n<p>[\/et_pb_text][et_pb_button button_url=&#8221;https:\/\/www.rudan.cz\/\/kontakt\/?lang=pl&#8221; button_text=&#8221;Skontaktuj si\u0119 z nami&#8221; button_alignment=&#8221;left&#8221; _builder_version=&#8221;4.5.0&#8243; custom_button=&#8221;on&#8221; button_text_size=&#8221;16px&#8221; button_text_color=&#8221;#ffffff&#8221; button_bg_color=&#8221;#91802f&#8221; button_border_width=&#8221;10px&#8221; button_border_color=&#8221;rgba(0,0,0,0)&#8221; button_border_radius=&#8221;0px&#8221; button_font=&#8221;Muli|700||on|||||&#8221; button_use_icon=&#8221;off&#8221; custom_margin=&#8221;|||&#8221; custom_margin_tablet=&#8221;30px|||0px&#8221; custom_margin_phone=&#8221;&#8221; custom_margin_last_edited=&#8221;on|phone&#8221; custom_padding=&#8221;|||&#8221; button_border_radius_hover=&#8221;0px&#8221; button_text_size__hover_enabled=&#8221;off&#8221; button_one_text_size__hover_enabled=&#8221;off&#8221; button_two_text_size__hover_enabled=&#8221;off&#8221; button_text_color__hover_enabled=&#8221;off&#8221; button_one_text_color__hover_enabled=&#8221;off&#8221; button_two_text_color__hover_enabled=&#8221;off&#8221; button_border_width__hover_enabled=&#8221;off&#8221; button_one_border_width__hover_enabled=&#8221;off&#8221; button_two_border_width__hover_enabled=&#8221;off&#8221; button_border_color__hover_enabled=&#8221;off&#8221; button_one_border_color__hover_enabled=&#8221;off&#8221; button_two_border_color__hover_enabled=&#8221;off&#8221; button_border_radius__hover_enabled=&#8221;on&#8221; button_border_radius__hover=&#8221;0px&#8221; button_one_border_radius__hover_enabled=&#8221;off&#8221; button_two_border_radius__hover_enabled=&#8221;off&#8221; button_letter_spacing__hover_enabled=&#8221;off&#8221; button_one_letter_spacing__hover_enabled=&#8221;off&#8221; button_two_letter_spacing__hover_enabled=&#8221;off&#8221; button_bg_color__hover_enabled=&#8221;off&#8221; button_one_bg_color__hover_enabled=&#8221;off&#8221; button_two_bg_color__hover_enabled=&#8221;off&#8221;][\/et_pb_button][\/et_pb_column][\/et_pb_row][\/et_pb_section]<\/p>\n","protected":false},"excerpt":{"rendered":"<p>Trwa\u0142e pod\u0142ogi do r\u00f3\u017cnych zastosowa\u0144. Odpowiednie do pomieszcze\u0144 mieszkalnych i handlowych. Umo\u017cliwiaj\u0105 wyb\u00f3r doskonale spe\u0142niaj\u0105cy wymagania projektu.\u00a0Pod\u0142ogi z p\u0142ytek winylowych (LVT) imituj\u0105 drewno, kamie\u0144, beton, p\u0142ytki ceramiczne, tkaniny lub abstrakcyjne wzory. Maj\u0105 wiele doskona\u0142ych w\u0142a\u015bciwo\u015bci, takich jak bardzo wysoka trwa\u0142o\u015b\u0107, \u0142atwa konserwacja i bardzo dobre w\u0142a\u015bciwo\u015bci akustyczne. Oferujemy pod\u0142ogi winylowe w wielu wersjach, np. pod\u0142ogi [&hellip;]<\/p>\n","protected":false},"author":1,"featured_media":0,"parent":0,"menu_order":0,"comment_status":"closed","ping_status":"closed","template":"","meta":{"_et_pb_use_builder":"on","_et_pb_old_content":"","_et_gb_content_width":"","footnotes":""},"class_list":["post-886","page","type-page","status-publish","hentry"],"_links":{"self":[{"href":"https:\/\/www.rudan.pl\/pl\/wp-json\/wp\/v2\/pages\/886","targetHints":{"allow":["GET"]}}],"collection":[{"href":"https:\/\/www.rudan.pl\/pl\/wp-json\/wp\/v2\/pages"}],"about":[{"href":"https:\/\/www.rudan.pl\/pl\/wp-json\/wp\/v2\/types\/page"}],"author":[{"embeddable":true,"href":"https:\/\/www.rudan.pl\/pl\/wp-json\/wp\/v2\/users\/1"}],"replies":[{"embeddable":true,"href":"https:\/\/www.rudan.pl\/pl\/wp-json\/wp\/v2\/comments?post=886"}],"version-history":[{"count":6,"href":"https:\/\/www.rudan.pl\/pl\/wp-json\/wp\/v2\/pages\/886\/revisions"}],"predecessor-version":[{"id":1387,"href":"https:\/\/www.rudan.pl\/pl\/wp-json\/wp\/v2\/pages\/886\/revisions\/1387"}],"wp:attachment":[{"href":"https:\/\/www.rudan.pl\/pl\/wp-json\/wp\/v2\/media?parent=886"}],"curies":[{"name":"wp","href":"https:\/\/api.w.org\/{rel}","templated":true}]}}